{"id":9,"date":"2026-02-06T17:42:48","date_gmt":"2026-02-06T20:42:48","guid":{"rendered":"https:\/\/editoraviseu.com\/jabuti-academico-2026\/finalizar-compra\/"},"modified":"2026-02-11T09:20:50","modified_gmt":"2026-02-11T12:20:50","slug":"finalizar-compra","status":"publish","type":"page","link":"https:\/\/editoraviseu.com\/jabuti-2026\/finalizar-compra\/","title":{"rendered":"Finalize a sua Compra: Inscri\u00e7\u00e3o da sua Obra (nosso usu\u00e1rio \u00e9 o brasileiro m\u00e9dio\/baixo)"},"content":{"rendered":"\n<div data-block-name=\"woocommerce\/checkout\" class=\"wp-block-woocommerce-checkout\">\n\t<div class=\"woocommerce\"><\/div><\/div>\n","protected":false},"excerpt":{"rendered":"","protected":false},"author":1,"featured_media":0,"parent":0,"menu_order":0,"comment_status":"closed","ping_status":"closed","template":"","meta":{"footnotes":""},"class_list":["post-9","page","type-page","status-publish","hentry"],"_links":{"self":[{"href":"https:\/\/editoraviseu.com\/jabuti-2026\/wp-json\/wp\/v2\/pages\/9","targetHints":{"allow":["GET"]}}],"collection":[{"href":"https:\/\/editoraviseu.com\/jabuti-2026\/wp-json\/wp\/v2\/pages"}],"about":[{"href":"https:\/\/editoraviseu.com\/jabuti-2026\/wp-json\/wp\/v2\/types\/page"}],"author":[{"embeddable":true,"href":"https:\/\/editoraviseu.com\/jabuti-2026\/wp-json\/wp\/v2\/users\/1"}],"replies":[{"embeddable":true,"href":"https:\/\/editoraviseu.com\/jabuti-2026\/wp-json\/wp\/v2\/comments?post=9"}],"version-history":[{"count":1,"href":"https:\/\/editoraviseu.com\/jabuti-2026\/wp-json\/wp\/v2\/pages\/9\/revisions"}],"predecessor-version":[{"id":220,"href":"https:\/\/editoraviseu.com\/jabuti-2026\/wp-json\/wp\/v2\/pages\/9\/revisions\/220"}],"wp:attachment":[{"href":"https:\/\/editoraviseu.com\/jabuti-2026\/wp-json\/wp\/v2\/media?parent=9"}],"curies":[{"name":"wp","href":"https:\/\/api.w.org\/{rel}","templated":true}]}}